{"id":496,"date":"2019-08-27T17:44:43","date_gmt":"2019-08-27T15:44:43","guid":{"rendered":"http:\/\/v1.communicationservices.org\/en\/?page_id=496"},"modified":"2019-11-26T21:27:57","modified_gmt":"2019-11-26T20:27:57","slug":"fuehren-neu-gedacht","status":"publish","type":"page","link":"https:\/\/communicationservices.org\/de\/fuehren-neu-gedacht\/","title":{"rendered":"F\u00dcHREN neu gedacht"},"content":{"rendered":"<div id=\"cs-content\" class=\"cs-content\"><\/div>\n","protected":false},"excerpt":{"rendered":"<p>F\u00dcHREN neu gedachtStrategische Planung, Beschleunigung und Skalierung Ihres internationalen WachstumsMit unserer Hilfe planen Sie systematisch, wie Sie das Potenzial Ihres Unternehmens voll aussch\u00f6pfen k\u00f6nnen. Und wir unterst\u00fctzen Sie dabei, diesen &#8230;<\/p>\n","protected":false},"author":1,"featured_media":0,"parent":0,"menu_order":0,"comment_status":"closed","ping_status":"closed","template":"template-blank-4.php","meta":[],"yoast_head":"<!-- This site is optimized with the Yoast SEO plugin v20.1 - https:\/\/yoast.com\/wordpress\/plugins\/seo\/ -->\n<title>F\u00dcHREN neu gedacht - de communication services<\/title>\n<meta name=\"description\" content=\"F\u00dcHREN neu gedacht - Communication Services Roland Luke GmbH\" \/>\n<meta name=\"robots\" content=\"index, follow, max-snippet:-1, max-image-preview:large, max-video-preview:-1\" \/>\n<link rel=\"canonical\" href=\"https:\/\/communicationservices.org\/de\/fuehren-neu-gedacht\/\" \/>\n<meta property=\"og:locale\" content=\"de_DE\" \/>\n<meta property=\"og:type\" content=\"article\" \/>\n<meta property=\"og:title\" content=\"F\u00dcHREN neu gedacht - de communication services\" \/>\n<meta property=\"og:description\" content=\"F\u00dcHREN neu gedacht - Communication Services Roland Luke GmbH\" \/>\n<meta property=\"og:url\" content=\"https:\/\/communicationservices.org\/de\/fuehren-neu-gedacht\/\" \/>\n<meta property=\"og:site_name\" content=\"de communication services\" \/>\n<meta property=\"article:modified_time\" content=\"2019-11-26T20:27:57+00:00\" \/>\n<meta name=\"twitter:card\" content=\"summary_large_image\" \/>\n<meta name=\"twitter:label1\" content=\"Gesch\u00e4tzte Lesezeit\" \/>\n\t<meta name=\"twitter:data1\" content=\"3\u00a0Minuten\" \/>\n<script type=\"application\/ld+json\" class=\"yoast-schema-graph\">{\"@context\":\"https:\/\/schema.org\",\"@graph\":[{\"@type\":\"WebPage\",\"@id\":\"https:\/\/communicationservices.org\/de\/fuehren-neu-gedacht\/\",\"url\":\"https:\/\/communicationservices.org\/de\/fuehren-neu-gedacht\/\",\"name\":\"F\u00dcHREN neu gedacht - de communication services\",\"isPartOf\":{\"@id\":\"https:\/\/communicationservices.org\/de\/#website\"},\"datePublished\":\"2019-08-27T15:44:43+00:00\",\"dateModified\":\"2019-11-26T20:27:57+00:00\",\"description\":\"F\u00dcHREN neu gedacht - Communication Services Roland Luke GmbH\",\"breadcrumb\":{\"@id\":\"https:\/\/communicationservices.org\/de\/fuehren-neu-gedacht\/#breadcrumb\"},\"inLanguage\":\"de\",\"potentialAction\":[{\"@type\":\"ReadAction\",\"target\":[\"https:\/\/communicationservices.org\/de\/fuehren-neu-gedacht\/\"]}]},{\"@type\":\"BreadcrumbList\",\"@id\":\"https:\/\/communicationservices.org\/de\/fuehren-neu-gedacht\/#breadcrumb\",\"itemListElement\":[{\"@type\":\"ListItem\",\"position\":1,\"name\":\"Startseite\",\"item\":\"https:\/\/communicationservices.org\/de\/\"},{\"@type\":\"ListItem\",\"position\":2,\"name\":\"F\u00dcHREN neu gedacht\"}]},{\"@type\":\"WebSite\",\"@id\":\"https:\/\/communicationservices.org\/de\/#website\",\"url\":\"https:\/\/communicationservices.org\/de\/\",\"name\":\"de communication services\",\"description\":\"EN communicationservices\",\"potentialAction\":[{\"@type\":\"SearchAction\",\"target\":{\"@type\":\"EntryPoint\",\"urlTemplate\":\"https:\/\/communicationservices.org\/de\/?s={search_term_string}\"},\"query-input\":\"required name=search_term_string\"}],\"inLanguage\":\"de\"}]}<\/script>\n<!-- \/ Yoast SEO plugin. -->","yoast_head_json":{"title":"F\u00dcHREN neu gedacht - de communication services","description":"F\u00dcHREN neu gedacht - Communication Services Roland Luke GmbH","robots":{"index":"index","follow":"follow","max-snippet":"max-snippet:-1","max-image-preview":"max-image-preview:large","max-video-preview":"max-video-preview:-1"},"canonical":"https:\/\/communicationservices.org\/de\/fuehren-neu-gedacht\/","og_locale":"de_DE","og_type":"article","og_title":"F\u00dcHREN neu gedacht - de communication services","og_description":"F\u00dcHREN neu gedacht - Communication Services Roland Luke GmbH","og_url":"https:\/\/communicationservices.org\/de\/fuehren-neu-gedacht\/","og_site_name":"de communication services","article_modified_time":"2019-11-26T20:27:57+00:00","twitter_card":"summary_large_image","twitter_misc":{"Gesch\u00e4tzte Lesezeit":"3\u00a0Minuten"},"schema":{"@context":"https:\/\/schema.org","@graph":[{"@type":"WebPage","@id":"https:\/\/communicationservices.org\/de\/fuehren-neu-gedacht\/","url":"https:\/\/communicationservices.org\/de\/fuehren-neu-gedacht\/","name":"F\u00dcHREN neu gedacht - de communication services","isPartOf":{"@id":"https:\/\/communicationservices.org\/de\/#website"},"datePublished":"2019-08-27T15:44:43+00:00","dateModified":"2019-11-26T20:27:57+00:00","description":"F\u00dcHREN neu gedacht - Communication Services Roland Luke GmbH","breadcrumb":{"@id":"https:\/\/communicationservices.org\/de\/fuehren-neu-gedacht\/#breadcrumb"},"inLanguage":"de","potentialAction":[{"@type":"ReadAction","target":["https:\/\/communicationservices.org\/de\/fuehren-neu-gedacht\/"]}]},{"@type":"BreadcrumbList","@id":"https:\/\/communicationservices.org\/de\/fuehren-neu-gedacht\/#breadcrumb","itemListElement":[{"@type":"ListItem","position":1,"name":"Startseite","item":"https:\/\/communicationservices.org\/de\/"},{"@type":"ListItem","position":2,"name":"F\u00dcHREN neu gedacht"}]},{"@type":"WebSite","@id":"https:\/\/communicationservices.org\/de\/#website","url":"https:\/\/communicationservices.org\/de\/","name":"de communication services","description":"EN communicationservices","potentialAction":[{"@type":"SearchAction","target":{"@type":"EntryPoint","urlTemplate":"https:\/\/communicationservices.org\/de\/?s={search_term_string}"},"query-input":"required name=search_term_string"}],"inLanguage":"de"}]}},"_links":{"self":[{"href":"https:\/\/communicationservices.org\/de\/wp-json\/wp\/v2\/pages\/496"}],"collection":[{"href":"https:\/\/communicationservices.org\/de\/wp-json\/wp\/v2\/pages"}],"about":[{"href":"https:\/\/communicationservices.org\/de\/wp-json\/wp\/v2\/types\/page"}],"author":[{"embeddable":true,"href":"https:\/\/communicationservices.org\/de\/wp-json\/wp\/v2\/users\/1"}],"replies":[{"embeddable":true,"href":"https:\/\/communicationservices.org\/de\/wp-json\/wp\/v2\/comments?post=496"}],"version-history":[{"count":0,"href":"https:\/\/communicationservices.org\/de\/wp-json\/wp\/v2\/pages\/496\/revisions"}],"wp:attachment":[{"href":"https:\/\/communicationservices.org\/de\/wp-json\/wp\/v2\/media?parent=496"}],"curies":[{"name":"wp","href":"https:\/\/api.w.org\/{rel}","templated":true}]}}