{"id":663,"date":"2019-09-03T17:36:08","date_gmt":"2019-09-03T15:36:08","guid":{"rendered":"http:\/\/dev.communicationservices.org\/en\/?page_id=663"},"modified":"2019-11-26T14:44:34","modified_gmt":"2019-11-26T13:44:34","slug":"ueber-uns","status":"publish","type":"page","link":"https:\/\/communicationservices.org\/de\/ueber-uns\/","title":{"rendered":"\u00dcber uns"},"content":{"rendered":"<div id=\"cs-content\" class=\"cs-content\"><\/div>\n","protected":false},"excerpt":{"rendered":"<p>\u00dcber unsUnser Team \u2013 divers, erfahren, international.Gegr\u00fcndet1989Coaching \/ Training in0L\u00e4ndern durchgef\u00fchrt,pers\u00f6nlich und virtuell Expertenteam aus 0Nationalit\u00e4tenVirtuelle Projekte als Anteil aller Projekte in 2018:0%(2006: 3%)Kontaktieren Sie uns!Kontaktieren Sie uns!<\/p>\n","protected":false},"author":1,"featured_media":0,"parent":0,"menu_order":0,"comment_status":"closed","ping_status":"closed","template":"template-blank-4.php","meta":[],"yoast_head":"<!-- This site is optimized with the Yoast SEO plugin v20.1 - https:\/\/yoast.com\/wordpress\/plugins\/seo\/ -->\n<title>\u00dcber uns - de communication services<\/title>\n<meta name=\"description\" content=\"\u00dcber uns Communication Services Roland Luke GmbH | founded in1989 | Delivered coaching\/ training face-to-face and virtually to participants in 25 Countries\" \/>\n<meta name=\"robots\" content=\"index, follow, max-snippet:-1, max-image-preview:large, max-video-preview:-1\" \/>\n<link rel=\"canonical\" href=\"https:\/\/communicationservices.org\/de\/ueber-uns\/\" \/>\n<meta property=\"og:locale\" content=\"de_DE\" \/>\n<meta property=\"og:type\" content=\"article\" \/>\n<meta property=\"og:title\" content=\"\u00dcber uns - de communication services\" \/>\n<meta property=\"og:description\" content=\"\u00dcber uns Communication Services Roland Luke GmbH | founded in1989 | Delivered coaching\/ training face-to-face and virtually to participants in 25 Countries\" \/>\n<meta property=\"og:url\" content=\"https:\/\/communicationservices.org\/de\/ueber-uns\/\" \/>\n<meta property=\"og:site_name\" content=\"de communication services\" \/>\n<meta property=\"article:modified_time\" content=\"2019-11-26T13:44:34+00:00\" \/>\n<meta name=\"twitter:card\" content=\"summary_large_image\" \/>\n<meta name=\"twitter:label1\" content=\"Gesch\u00e4tzte Lesezeit\" \/>\n\t<meta name=\"twitter:data1\" content=\"2\u00a0Minuten\" \/>\n<script type=\"application\/ld+json\" class=\"yoast-schema-graph\">{\"@context\":\"https:\/\/schema.org\",\"@graph\":[{\"@type\":\"WebPage\",\"@id\":\"https:\/\/communicationservices.org\/de\/ueber-uns\/\",\"url\":\"https:\/\/communicationservices.org\/de\/ueber-uns\/\",\"name\":\"\u00dcber uns - de communication services\",\"isPartOf\":{\"@id\":\"https:\/\/communicationservices.org\/de\/#website\"},\"datePublished\":\"2019-09-03T15:36:08+00:00\",\"dateModified\":\"2019-11-26T13:44:34+00:00\",\"description\":\"\u00dcber uns Communication Services Roland Luke GmbH | founded in1989 | Delivered coaching\/ training face-to-face and virtually to participants in 25 Countries\",\"breadcrumb\":{\"@id\":\"https:\/\/communicationservices.org\/de\/ueber-uns\/#breadcrumb\"},\"inLanguage\":\"de\",\"potentialAction\":[{\"@type\":\"ReadAction\",\"target\":[\"https:\/\/communicationservices.org\/de\/ueber-uns\/\"]}]},{\"@type\":\"BreadcrumbList\",\"@id\":\"https:\/\/communicationservices.org\/de\/ueber-uns\/#breadcrumb\",\"itemListElement\":[{\"@type\":\"ListItem\",\"position\":1,\"name\":\"Startseite\",\"item\":\"https:\/\/communicationservices.org\/de\/\"},{\"@type\":\"ListItem\",\"position\":2,\"name\":\"\u00dcber uns\"}]},{\"@type\":\"WebSite\",\"@id\":\"https:\/\/communicationservices.org\/de\/#website\",\"url\":\"https:\/\/communicationservices.org\/de\/\",\"name\":\"de communication services\",\"description\":\"EN communicationservices\",\"potentialAction\":[{\"@type\":\"SearchAction\",\"target\":{\"@type\":\"EntryPoint\",\"urlTemplate\":\"https:\/\/communicationservices.org\/de\/?s={search_term_string}\"},\"query-input\":\"required name=search_term_string\"}],\"inLanguage\":\"de\"}]}<\/script>\n<!-- \/ Yoast SEO plugin. -->","yoast_head_json":{"title":"\u00dcber uns - de communication services","description":"\u00dcber uns Communication Services Roland Luke GmbH | founded in1989 | Delivered coaching\/ training face-to-face and virtually to participants in 25 Countries","robots":{"index":"index","follow":"follow","max-snippet":"max-snippet:-1","max-image-preview":"max-image-preview:large","max-video-preview":"max-video-preview:-1"},"canonical":"https:\/\/communicationservices.org\/de\/ueber-uns\/","og_locale":"de_DE","og_type":"article","og_title":"\u00dcber uns - de communication services","og_description":"\u00dcber uns Communication Services Roland Luke GmbH | founded in1989 | Delivered coaching\/ training face-to-face and virtually to participants in 25 Countries","og_url":"https:\/\/communicationservices.org\/de\/ueber-uns\/","og_site_name":"de communication services","article_modified_time":"2019-11-26T13:44:34+00:00","twitter_card":"summary_large_image","twitter_misc":{"Gesch\u00e4tzte Lesezeit":"2\u00a0Minuten"},"schema":{"@context":"https:\/\/schema.org","@graph":[{"@type":"WebPage","@id":"https:\/\/communicationservices.org\/de\/ueber-uns\/","url":"https:\/\/communicationservices.org\/de\/ueber-uns\/","name":"\u00dcber uns - de communication services","isPartOf":{"@id":"https:\/\/communicationservices.org\/de\/#website"},"datePublished":"2019-09-03T15:36:08+00:00","dateModified":"2019-11-26T13:44:34+00:00","description":"\u00dcber uns Communication Services Roland Luke GmbH | founded in1989 | Delivered coaching\/ training face-to-face and virtually to participants in 25 Countries","breadcrumb":{"@id":"https:\/\/communicationservices.org\/de\/ueber-uns\/#breadcrumb"},"inLanguage":"de","potentialAction":[{"@type":"ReadAction","target":["https:\/\/communicationservices.org\/de\/ueber-uns\/"]}]},{"@type":"BreadcrumbList","@id":"https:\/\/communicationservices.org\/de\/ueber-uns\/#breadcrumb","itemListElement":[{"@type":"ListItem","position":1,"name":"Startseite","item":"https:\/\/communicationservices.org\/de\/"},{"@type":"ListItem","position":2,"name":"\u00dcber uns"}]},{"@type":"WebSite","@id":"https:\/\/communicationservices.org\/de\/#website","url":"https:\/\/communicationservices.org\/de\/","name":"de communication services","description":"EN communicationservices","potentialAction":[{"@type":"SearchAction","target":{"@type":"EntryPoint","urlTemplate":"https:\/\/communicationservices.org\/de\/?s={search_term_string}"},"query-input":"required name=search_term_string"}],"inLanguage":"de"}]}},"_links":{"self":[{"href":"https:\/\/communicationservices.org\/de\/wp-json\/wp\/v2\/pages\/663"}],"collection":[{"href":"https:\/\/communicationservices.org\/de\/wp-json\/wp\/v2\/pages"}],"about":[{"href":"https:\/\/communicationservices.org\/de\/wp-json\/wp\/v2\/types\/page"}],"author":[{"embeddable":true,"href":"https:\/\/communicationservices.org\/de\/wp-json\/wp\/v2\/users\/1"}],"replies":[{"embeddable":true,"href":"https:\/\/communicationservices.org\/de\/wp-json\/wp\/v2\/comments?post=663"}],"version-history":[{"count":0,"href":"https:\/\/communicationservices.org\/de\/wp-json\/wp\/v2\/pages\/663\/revisions"}],"wp:attachment":[{"href":"https:\/\/communicationservices.org\/de\/wp-json\/wp\/v2\/media?parent=663"}],"curies":[{"name":"wp","href":"https:\/\/api.w.org\/{rel}","templated":true}]}}